{"id":6741,"date":"2025-07-23T07:47:21","date_gmt":"2025-07-23T07:47:21","guid":{"rendered":"https:\/\/livre-d-un-clic.com\/?page_id=6741"},"modified":"2025-10-04T15:36:30","modified_gmt":"2025-10-04T15:36:30","slug":"associations","status":"publish","type":"page","link":"https:\/\/livre-d-un-clic.com\/en\/associations\/","title":{"rendered":"Associations List"},"content":{"rendered":"<div data-elementor-type=\"wp-page\" data-elementor-id=\"6741\" class=\"elementor elementor-6741\" data-elementor-post-type=\"page\">\n\t\t\t\t<div class=\"elementor-element elementor-element-8645cf1 e-flex e-con-boxed e-con e-parent\" data-id=\"8645cf1\" data-element_type=\"container\" data-e-type=\"container\" data-settings=\"{&quot;background_background&quot;:&quot;classic&quot;,&quot;shape_divider_bottom&quot;:&quot;waves&quot;}\">\n\t\t\t\t\t<div class=\"e-con-inner\">\n\t\t\t\t<div class=\"elementor-shape elementor-shape-bottom\" aria-hidden=\"true\" data-negative=\"false\">\n\t\t\t<svg xmlns=\"http:\/\/www.w3.org\/2000\/svg\" viewbox=\"0 0 1000 100\" preserveaspectratio=\"none\">\n\t<path class=\"elementor-shape-fill\" d=\"M421.9,6.5c22.6-2.5,51.5,0.4,75.5,5.3c23.6,4.9,70.9,23.5,100.5,35.7c75.8,32.2,133.7,44.5,192.6,49.7\tc23.6,2.1,48.7,3.5,103.4-2.5c54.7-6,106.2-25.6,106.2-25.6V0H0v30.3c0,0,72,32.6,158.4,30.5c39.2-0.7,92.8-6.7,134-22.4\tc21.2-8.1,52.2-18.2,79.7-24.2C399.3,7.9,411.6,7.5,421.9,6.5z\"\/>\n<\/svg>\t\t<\/div>\n\t\t\t\t<div class=\"elementor-element elementor-element-cee90e3 elementor-widget elementor-widget-heading\" data-id=\"cee90e3\" data-element_type=\"widget\" data-e-type=\"widget\" data-widget_type=\"heading.default\">\n\t\t\t\t<div class=\"elementor-widget-container\">\n\t\t\t\t\t<h2 class=\"elementor-heading-title elementor-size-default\">Find out about partner associations near you<\/h2>\t\t\t\t<\/div>\n\t\t\t\t<\/div>\n\t\t\t\t<div class=\"elementor-element elementor-element-a83d8fc elementor-widget__width-initial elementor-widget-mobile__width-inherit elementor-widget-tablet__width-initial elementor-invisible elementor-widget elementor-widget-text-editor\" data-id=\"a83d8fc\" data-element_type=\"widget\" data-e-type=\"widget\" data-settings=\"{&quot;_animation&quot;:&quot;fadeInUp&quot;}\" data-widget_type=\"text-editor.default\">\n\t\t\t\t<div class=\"elementor-widget-container\">\n\t\t\t\t\t\t\t\t\t<p>You can support them, offer them help or respond to their solidarity missions.<br \/>\ud83c\udf97\ufe0f Each association here can :<br \/>- receive solidarity missions<br \/>- post requirements (volunteers, events, logistics, etc.)<br \/>- benefit from the solidarity kitty (5 % donated each month by users)<br \/><br \/><\/p>\t\t\t\t\t\t\t\t<\/div>\n\t\t\t\t<\/div>\n\t\t\t\t\t<\/div>\n\t\t\t\t<\/div>\n\t\t<div class=\"elementor-element elementor-element-e3b439d e-flex e-con-boxed e-con e-parent\" data-id=\"e3b439d\" data-element_type=\"container\" data-e-type=\"container\">\n\t\t\t\t\t<div class=\"e-con-inner\">\n\t\t\t\t<div class=\"elementor-element elementor-element-2ccc987e elementor-widget elementor-widget-text-editor\" data-id=\"2ccc987e\" data-element_type=\"widget\" data-e-type=\"widget\" data-widget_type=\"text-editor.default\">\n\t\t\t\t<div class=\"elementor-widget-container\">\n\t\t\t\t\t\t\t\t\t<p><div class=\"search-filter-query search-filter-query--id-8\">\n\tFound 2 Results<br \/>\n\tPage 1 of 1<\/p>\n<div class=\"pagination\">\n<div class=\"nav-previous\"><\/div>\n<div class=\"nav-next\"><\/div>\n<\/p><\/div>\n<p>\t<!-- Keep the `.search-filter-query-posts` class to support the load more button --><\/p>\n<div class=\"search-filter-query-posts\">\n<div>\n<h2><a href=\"https:\/\/livre-d-un-clic.com\/en\/association\/new-association\/\">New association<\/a><\/h2>\n<p><\/p>\n<p><p>Short Description Association<\/p>\n<\/p>\n<p><small>July 23, 2025<\/small><\/p>\n<\/p><\/div>\n<hr \/>\n<div>\n<h2><a href=\"https:\/\/livre-d-un-clic.com\/en\/association\/les-mains-ouvertes\/\">Open Hands<\/a><\/h2>\n<p><\/p>\n<p><p>Short Description<\/p>\n<\/p>\n<p><small><\/small><\/p>\n<\/p><\/div>\n<hr \/><\/div>\n<p>\tPage 1 of 1<\/p>\n<div class=\"pagination\">\n<div class=\"nav-previous\"><\/div>\n<div class=\"nav-next\"><\/div>\n<\/p><\/div>\n<\/p><\/div><\/p>\n\t\t\t\t\t\t\t\t<\/div>\n\t\t\t\t<\/div>\n\t\t\t\t\t<\/div>\n\t\t\t\t<\/div>\n\t\t\t\t<\/div>\n\t\t<ul class=\"wpuf_customs\">            <li class=\"wpuf-field-data wpuf-field-data-text_field\">\n                                    <label>City \/ Location:<\/label>\n                                Lyon, France            <\/li>\n                    <li class=\"wpuf-field-data wpuf-field-data-email_address\">\n                                    <label>Contact email:<\/label>\n                                <a href=\"mailto:contact@nmain.org\">contact@nmain.org<\/a>            <\/li>\n        <li><label>Phone number:<\/label> <\/li>            <li class=\"wpuf-field-data wpuf-field-data-checkbox_field\">\n                                    <label>Type of activity:<\/label>\n                                Food | Education | Mutual aid | Housing            <\/li>\n        <\/ul>","protected":false},"excerpt":{"rendered":"<p>D\u00e9couvrez les associations partenaires pr\u00e8s de chez vous Vous pouvez les soutenir, leur proposer de l\u2019aide ou r\u00e9pondre \u00e0 leurs missions solidaires.\ud83c\udf97\ufe0f Chaque association ici peut :\u2022 recevoir des missions solidaires\u2022 poster des besoins (b\u00e9n\u00e9volat, \u00e9v\u00e9nements, logistique\u2026)\u2022 b\u00e9n\u00e9ficier de la cagnotte solidaire (5 % revers\u00e9s chaque mois par les utilisateurs) Ville \/ Localisation: Lyon, France [&hellip;]<\/p>\n","protected":false},"author":8,"featured_media":0,"parent":0,"menu_order":0,"comment_status":"closed","ping_status":"closed","template":"","meta":{"_acf_changed":false,"footnotes":""},"class_list":["post-6741","page","type-page","status-publish","hentry"],"acf":[],"_links":{"self":[{"href":"https:\/\/livre-d-un-clic.com\/en\/wp-json\/wp\/v2\/pages\/6741","targetHints":{"allow":["GET"]}}],"collection":[{"href":"https:\/\/livre-d-un-clic.com\/en\/wp-json\/wp\/v2\/pages"}],"about":[{"href":"https:\/\/livre-d-un-clic.com\/en\/wp-json\/wp\/v2\/types\/page"}],"author":[{"embeddable":true,"href":"https:\/\/livre-d-un-clic.com\/en\/wp-json\/wp\/v2\/users\/8"}],"replies":[{"embeddable":true,"href":"https:\/\/livre-d-un-clic.com\/en\/wp-json\/wp\/v2\/comments?post=6741"}],"version-history":[{"count":0,"href":"https:\/\/livre-d-un-clic.com\/en\/wp-json\/wp\/v2\/pages\/6741\/revisions"}],"wp:attachment":[{"href":"https:\/\/livre-d-un-clic.com\/en\/wp-json\/wp\/v2\/media?parent=6741"}],"curies":[{"name":"wp","href":"https:\/\/api.w.org\/{rel}","templated":true}]}}