{"id":2989,"date":"2025-06-19T09:46:32","date_gmt":"2025-06-19T09:46:32","guid":{"rendered":"https:\/\/livre-d-un-clic.com\/?page_id=2989"},"modified":"2025-12-26T21:42:49","modified_gmt":"2025-12-26T21:42:49","slug":"trouver-un-service-2","status":"publish","type":"page","link":"https:\/\/livre-d-un-clic.com\/en\/trouver-un-service-2\/","title":{"rendered":"Find a service - New Design"},"content":{"rendered":"\t\t<div data-elementor-type=\"wp-page\" data-elementor-id=\"2989\" class=\"elementor elementor-2989\" data-elementor-post-type=\"page\">\n\t\t\t\t<div class=\"elementor-element elementor-element-b21ef02 e-flex e-con-boxed e-con e-parent\" data-id=\"b21ef02\" data-element_type=\"container\" data-e-type=\"container\" data-settings=\"{&quot;background_background&quot;:&quot;classic&quot;,&quot;shape_divider_bottom&quot;:&quot;waves&quot;}\">\n\t\t\t\t\t<div class=\"e-con-inner\">\n\t\t\t\t<div class=\"elementor-shape elementor-shape-bottom\" aria-hidden=\"true\" data-negative=\"false\">\n\t\t\t<svg xmlns=\"http:\/\/www.w3.org\/2000\/svg\" viewBox=\"0 0 1000 100\" preserveAspectRatio=\"none\">\n\t<path class=\"elementor-shape-fill\" d=\"M421.9,6.5c22.6-2.5,51.5,0.4,75.5,5.3c23.6,4.9,70.9,23.5,100.5,35.7c75.8,32.2,133.7,44.5,192.6,49.7\n\tc23.6,2.1,48.7,3.5,103.4-2.5c54.7-6,106.2-25.6,106.2-25.6V0H0v30.3c0,0,72,32.6,158.4,30.5c39.2-0.7,92.8-6.7,134-22.4\n\tc21.2-8.1,52.2-18.2,79.7-24.2C399.3,7.9,411.6,7.5,421.9,6.5z\"\/>\n<\/svg>\t\t<\/div>\n\t\t\t\t<div class=\"elementor-element elementor-element-577fa30 twbb-headline--style-highlight elementor-widget elementor-widget-twbbanimated-headline\" data-id=\"577fa30\" data-element_type=\"widget\" data-e-type=\"widget\" data-settings=\"{&quot;marker&quot;:&quot;curly&quot;,&quot;highlighted_text&quot;:&quot;Recherchez&quot;,&quot;headline_style&quot;:&quot;highlight&quot;}\" data-widget_type=\"twbbanimated-headline.default\">\n\t\t\t\t<div class=\"elementor-widget-container\">\n\t\t\t\t\t    <h1 class=\"twbb-headline\">\n        <span class=\"twbb-headline-dynamic-wrapper twbb-headline-text-wrapper\"><\/span>\n          <span class=\"twbb-headline-plain-text twbb-headline-text-wrapper\"> un service local<\/span>\n        <\/h1>\n    \t\t\t\t<\/div>\n\t\t\t\t<\/div>\n\t\t\t\t<div class=\"elementor-element elementor-element-8487f0c elementor-widget__width-initial elementor-widget-mobile__width-inherit elementor-widget-tablet__width-initial elementor-invisible elementor-widget elementor-widget-text-editor\" data-id=\"8487f0c\" data-element_type=\"widget\" data-e-type=\"widget\" data-settings=\"{&quot;_animation&quot;:&quot;fadeInUp&quot;}\" data-widget_type=\"text-editor.default\">\n\t\t\t\t<div class=\"elementor-widget-container\">\n\t\t\t\t\t\t\t\t\t<p>Explorez notre s\u00e9lection de services locaux. Utilisez des filtres pour affiner votre recherche par cat\u00e9gorie, emplacement, dur\u00e9e et type de prestataire.<\/p>\t\t\t\t\t\t\t\t<\/div>\n\t\t\t\t<\/div>\n\t\t<div class=\"elementor-element elementor-element-22ef832 e-con-full e-flex e-con e-child\" data-id=\"22ef832\" data-element_type=\"container\" data-e-type=\"container\">\n\t\t\t\t<div class=\"elementor-element elementor-element-54aa533 elementor-mobile-align-justify elementor-widget elementor-widget-button\" data-id=\"54aa533\" data-element_type=\"widget\" data-e-type=\"widget\" data-widget_type=\"button.default\">\n\t\t\t\t<div class=\"elementor-widget-container\">\n\t\t\t\t\t\t\t\t\t<div class=\"elementor-button-wrapper\">\n\t\t\t\t\t<a class=\"elementor-button elementor-button-link elementor-size-sm\" href=\"https:\/\/livre-d-un-clic.com\/publier-un-service\/\">\n\t\t\t\t\t\t<span class=\"elementor-button-content-wrapper\">\n\t\t\t\t\t\t\t\t\t<span class=\"elementor-button-text\">Proposer un service<\/span>\n\t\t\t\t\t<\/span>\n\t\t\t\t\t<\/a>\n\t\t\t\t<\/div>\n\t\t\t\t\t\t\t\t<\/div>\n\t\t\t\t<\/div>\n\t\t\t\t<div class=\"elementor-element elementor-element-9b6483d elementor-mobile-align-justify elementor-widget elementor-widget-button\" data-id=\"9b6483d\" data-element_type=\"widget\" data-e-type=\"widget\" data-widget_type=\"button.default\">\n\t\t\t\t<div class=\"elementor-widget-container\">\n\t\t\t\t\t\t\t\t\t<div class=\"elementor-button-wrapper\">\n\t\t\t\t\t<a class=\"elementor-button elementor-button-link elementor-size-sm\" href=\"https:\/\/livre-d-un-clic.com\/demander-un-service\/\">\n\t\t\t\t\t\t<span class=\"elementor-button-content-wrapper\">\n\t\t\t\t\t\t\t\t\t<span class=\"elementor-button-text\">Demander un service<\/span>\n\t\t\t\t\t<\/span>\n\t\t\t\t\t<\/a>\n\t\t\t\t<\/div>\n\t\t\t\t\t\t\t\t<\/div>\n\t\t\t\t<\/div>\n\t\t\t\t<div class=\"elementor-element elementor-element-ab9f0cc elementor-mobile-align-justify elementor-widget elementor-widget-button\" data-id=\"ab9f0cc\" data-element_type=\"widget\" data-e-type=\"widget\" data-widget_type=\"button.default\">\n\t\t\t\t<div class=\"elementor-widget-container\">\n\t\t\t\t\t\t\t\t\t<div class=\"elementor-button-wrapper\">\n\t\t\t\t\t<a class=\"elementor-button elementor-button-link elementor-size-sm\" href=\"http:\/\/public\">\n\t\t\t\t\t\t<span class=\"elementor-button-content-wrapper\">\n\t\t\t\t\t\t\t\t\t<span class=\"elementor-button-text\">Profils publics des entreprises et ind\u00e9pendants<\/span>\n\t\t\t\t\t<\/span>\n\t\t\t\t\t<\/a>\n\t\t\t\t<\/div>\n\t\t\t\t\t\t\t\t<\/div>\n\t\t\t\t<\/div>\n\t\t\t\t<\/div>\n\t\t\t\t\t<\/div>\n\t\t\t\t<\/div>\n\t\t<div class=\"elementor-element elementor-element-6bab417 twbb_section e-flex e-con-boxed e-con e-parent\" data-id=\"6bab417\" data-element_type=\"container\" data-e-type=\"container\" id=\"filter_posts\" data-settings=\"{&quot;background_background&quot;:&quot;classic&quot;}\">\n\t\t\t\t\t<div class=\"e-con-inner\">\n\t\t<div class=\"elementor-element elementor-element-8f45bd2 e-con-full e-flex e-con e-child\" data-id=\"8f45bd2\" data-element_type=\"container\" data-e-type=\"container\">\n\t\t\t\t<div class=\"elementor-element elementor-element-f27a042 title-des1 elementor-widget elementor-widget-heading\" data-id=\"f27a042\" data-element_type=\"widget\" data-e-type=\"widget\" data-widget_type=\"heading.default\">\n\t\t\t\t<div class=\"elementor-widget-container\">\n\t\t\t\t\t<h2 class=\"elementor-heading-title elementor-size-default\">Tous nos <span>services<\/span> <\/h2>\t\t\t\t<\/div>\n\t\t\t\t<\/div>\n\t\t\t\t<div class=\"elementor-element elementor-element-41b4c87 elementor-widget elementor-widget-text-editor\" data-id=\"41b4c87\" data-element_type=\"widget\" data-e-type=\"widget\" data-widget_type=\"text-editor.default\">\n\t\t\t\t<div class=\"elementor-widget-container\">\n\t\t\t\t\t\t\t\t\t<p>D\u00e9couvrez nos offres d\u2019entraide locale, d\u2019assistance \u00e0 domicile et de soutien personnalis\u00e9 pour votre quotidien.<\/p>\t\t\t\t\t\t\t\t<\/div>\n\t\t\t\t<\/div>\n\t\t\t\t<\/div>\n\t\t<div class=\"elementor-element elementor-element-a778ead e-con-full e-flex e-con e-child\" data-id=\"a778ead\" data-element_type=\"container\" data-e-type=\"container\">\n\t\t\t\t<div class=\"elementor-element elementor-element-122aadf elementor-widget elementor-widget-search-filter-field\" data-id=\"122aadf\" data-element_type=\"widget\" data-e-type=\"widget\" data-settings=\"{&quot;search_filter_field&quot;:&quot;field_13&quot;}\" data-widget_type=\"search-filter-field.default\">\n\t\t\t\t<div class=\"elementor-widget-container\">\n\t\t\t\t\t<div  class=\"search-filter-base search-filter-field search-filter-field--id-13 search-filter-field--type-search search-filter-field--input-type-text search-filter-style--id-1 search-filter-style--search-text\"  data-search-filter-settings=\"{&quot;attributes&quot;:{&quot;queryId&quot;:&quot;6&quot;,&quot;type&quot;:&quot;search&quot;,&quot;label&quot;:&quot;Search Services&quot;,&quot;showLabel&quot;:&quot;yes&quot;,&quot;showDescription&quot;:&quot;no&quot;,&quot;description&quot;:&quot;&quot;,&quot;inputType&quot;:&quot;text&quot;,&quot;placeholder&quot;:&quot;&quot;,&quot;inputOptionsAddDefault&quot;:&quot;no&quot;,&quot;inputOptionsDefaultLabel&quot;:&quot;All items&quot;,&quot;inputOptionsOrder&quot;:&quot;yes&quot;,&quot;inputOptionsOrderDir&quot;:&quot;yes&quot;,&quot;taxonomyOrderBy&quot;:&quot;yes&quot;,&quot;taxonomyOrderDir&quot;:&quot;yes&quot;,&quot;taxonomyTermsConditions&quot;:&quot;all&quot;,&quot;taxonomyTerms&quot;:[],&quot;addClass&quot;:&quot;&quot;,&quot;stylesId&quot;:1,&quot;width&quot;:&quot;&quot;,&quot;inputShowIcon&quot;:&quot;yes&quot;,&quot;align&quot;:&quot;&quot;,&quot;alignment&quot;:&quot;&quot;,&quot;autoSubmit&quot;:&quot;no&quot;,&quot;autoSubmitDelay&quot;:&quot;600&quot;,&quot;hideFieldWhenEmpty&quot;:&quot;no&quot;,&quot;defaultValueInheritArchive&quot;:&quot;yes&quot;,&quot;defaultValueInheritPost&quot;:&quot;no&quot;,&quot;defaultValueApplyToQuery&quot;:&quot;no&quot;,&quot;labelToggleVisibility&quot;:&quot;no&quot;,&quot;labelInitialVisibility&quot;:&quot;no&quot;,&quot;woocommerceTaxOrderBy&quot;:&quot;yes&quot;,&quot;woocommerceTaxOrderDir&quot;:&quot;yes&quot;,&quot;dataAcfGroup&quot;:&quot;&quot;,&quot;dataAcfField&quot;:&quot;&quot;,&quot;dataUrlName&quot;:&quot;&quot;,&quot;dataType&quot;:&quot;post_attribute&quot;,&quot;defaultValueType&quot;:&quot;none&quot;,&quot;dataPostAttribute&quot;:&quot;post_type&quot;,&quot;dataPostTypes&quot;:[]},&quot;options&quot;:[],&quot;values&quot;:[],&quot;uid&quot;:1,&quot;urlName&quot;:&quot;s&quot;,&quot;icons&quot;:[&quot;search&quot;,&quot;clear&quot;],&quot;urlTemplate&quot;:[],&quot;id&quot;:13,&quot;connectedData&quot;:[],&quot;supports&quot;:[],&quot;elementorId&quot;:&quot;122aadf&quot;}\" ><\/div>\t\t\t\t<\/div>\n\t\t\t\t<\/div>\n\t\t\t\t<div class=\"elementor-element elementor-element-691b10a elementor-widget elementor-widget-shortcode\" data-id=\"691b10a\" data-element_type=\"widget\" data-e-type=\"widget\" data-widget_type=\"shortcode.default\">\n\t\t\t\t<div class=\"elementor-widget-container\">\n\t\t\t\t\t\t\t<div class=\"elementor-shortcode\">[itl_posts_filter]<\/div>\n\t\t\t\t\t\t<\/div>\n\t\t\t\t<\/div>\n\t\t\t\t<\/div>\n\t\t\t\t\t<\/div>\n\t\t\t\t<\/div>\n\t\t<div class=\"elementor-element elementor-element-2551643 twbb_section twbb_multiple_services_252 e-flex e-con-boxed e-con e-parent\" data-id=\"2551643\" data-element_type=\"container\" data-e-type=\"container\">\n\t\t\t\t\t<div class=\"e-con-inner\">\n\t\t<div class=\"elementor-element elementor-element-6e34229 e-con-full e-flex e-con e-child\" data-id=\"6e34229\" data-element_type=\"container\" data-e-type=\"container\">\n\t\t\t\t<div class=\"elementor-element elementor-element-dddf8f2 elementor-widget__width-initial elementor-widget-mobile__width-inherit elementor-widget-tablet__width-initial elementor-invisible elementor-widget elementor-widget-heading\" data-id=\"dddf8f2\" data-element_type=\"widget\" data-e-type=\"widget\" data-settings=\"{&quot;_animation&quot;:&quot;fadeInUp&quot;}\" data-widget_type=\"heading.default\">\n\t\t\t\t<div class=\"elementor-widget-container\">\n\t\t\t\t\t<h2 class=\"elementor-heading-title elementor-size-default\">Notre expertise : des services, des livraisons et de la solidarit\u00e9 accessibles \u00e0 tous<\/h2>\t\t\t\t<\/div>\n\t\t\t\t<\/div>\n\t\t\t\t<div class=\"elementor-element elementor-element-5e7797d elementor-widget__width-initial elementor-widget-mobile__width-inherit elementor-widget-tablet__width-initial elementor-invisible elementor-widget elementor-widget-text-editor\" data-id=\"5e7797d\" data-element_type=\"widget\" data-e-type=\"widget\" data-settings=\"{&quot;_animation&quot;:&quot;fadeInUp&quot;}\" data-widget_type=\"text-editor.default\">\n\t\t\t\t<div class=\"elementor-widget-container\">\n\t\t\t\t\t\t\t\t\t<p data-start=\"410\" data-end=\"770\"><em data-start=\"452\" data-end=\"768\">Livr\u00e9 d\u2019un Clic simplifie votre quotidien avec une offre unique en France. Notre plateforme regroupe en un seul endroit les services de proximit\u00e9, les solutions de livraison et les missions solidaires. Accessible, \u00e9quitable et transparente, elle r\u00e9pond \u00e0 vos besoins tout en ayant un impact positif sur la soci\u00e9t\u00e9.<\/em><\/p>\t\t\t\t\t\t\t\t<\/div>\n\t\t\t\t<\/div>\n\t\t\t\t<\/div>\n\t\t<div class=\"elementor-element elementor-element-19bc293 e-con-full e-flex e-con e-child\" data-id=\"19bc293\" data-element_type=\"container\" data-e-type=\"container\">\n\t\t\t\t<div class=\"elementor-element elementor-element-129588a twbb_cta-position-image-top twbb_cta-button-wrapper-left twbb_cta-button-wrapper-left img-box3 twbb_cta-tablet-position-image-top twbb_cta-mobile-position-image-top twbb_cta-valign-align-middle twbb_cta-button-wrapper-left twbb_cta-position-button-bottom twbb_cta-tablet-position-button-bottom twbb_cta-mobile-position-button-bottom elementor-widget elementor-widget-twbb_call-to-action\" data-id=\"129588a\" data-element_type=\"widget\" data-e-type=\"widget\" data-widget_type=\"twbb_call-to-action.default\">\n\t\t\t\t<div class=\"elementor-widget-container\">\n\t\t\t\t\t    <div  class=\"twbb_cta-wrapper \">\n                  <div class=\"twbb_cta-image-background-wrapper\">\n          <span class=\"twbb_cta-image-background-overlay\"><\/span>\n                                <div class=\"twbb_cta-image-background\" style=\"background-image: url(&quot;https:\/\/ai20-templates-prod.s3.amazonaws.com\/OvLCSvFi8ibS5uWmHrNca0LU24wpSPkS\/tenweb_media_se4v8wfuo.webp&quot;);\"><\/div>\n                        <\/div>\n        <div class=\"twbb_cta-content-wrapper \">\n    <div class=\"twbb_cta-content-inner\">\n                <h5 class=\"twbb_cta-title\">Services du quotidien<\/h5>\n                    <div class=\"twbb_cta-description\">Besoin d\u2019aide pour le m\u00e9nage, le jardinage, l\u2019informatique ou encore l\u2019accompagnement scolaire ?\nNos prestataires locaux sont disponibles pr\u00e8s de chez vous et r\u00e9mun\u00e9r\u00e9s justement (15 \u20ac\/h net garanti).\nDes missions simples, rapides et transparentes, valid\u00e9es en un clic.<\/div>\n              <\/div>\n    <div class=\"twbb_cta-button-wrapper\">\n        <div class=\"twbb_cta-buttons\">\n              <div class=\"twbb_cta-button-item twbb_cta-button-item__one twbb_cta-button-enable-yes\">\n          <a href=\"#\" class=\"elementor-button twbb_cta-button elementor-size- twbb_cta-button__one\"            >En savoir plus<\/a>\n        <\/div>\n                    <div class=\"twbb_cta-button-item twbb_cta-button-item__two twbb_cta-button-enable-no\">\n          <a href=\"#\" class=\"elementor-button twbb_cta-button elementor-size- twbb_cta-button__two\"            >Click Here            <\/a>\n        <\/div>\n                  <\/div>\n    <\/div>\n  <\/div>\n        <\/div>\n\t\t\t\t<\/div>\n\t\t\t\t<\/div>\n\t\t\t\t<div class=\"elementor-element elementor-element-896af30 twbb_cta-position-image-top twbb_cta-button-wrapper-left twbb_cta-button-wrapper-left img-box3 twbb_cta-tablet-position-image-top twbb_cta-mobile-position-image-top twbb_cta-valign-align-middle twbb_cta-button-wrapper-left twbb_cta-position-button-bottom twbb_cta-tablet-position-button-bottom twbb_cta-mobile-position-button-bottom elementor-widget elementor-widget-twbb_call-to-action\" data-id=\"896af30\" data-element_type=\"widget\" data-e-type=\"widget\" data-widget_type=\"twbb_call-to-action.default\">\n\t\t\t\t<div class=\"elementor-widget-container\">\n\t\t\t\t\t    <div  class=\"twbb_cta-wrapper \">\n                  <div class=\"twbb_cta-image-background-wrapper\">\n          <span class=\"twbb_cta-image-background-overlay\"><\/span>\n                                <div class=\"twbb_cta-image-background\" style=\"background-image: url(&quot;https:\/\/ai20-templates-prod.s3.amazonaws.com\/OvLCSvFi8ibS5uWmHrNca0LU24wpSPkS\/tenweb_media_sg38qu6ml.webp&quot;);\"><\/div>\n                        <\/div>\n        <div class=\"twbb_cta-content-wrapper \">\n    <div class=\"twbb_cta-content-inner\">\n                <h5 class=\"twbb_cta-title\">Livraison rapide et sur-mesure<\/h5>\n                    <div class=\"twbb_cta-description\">Commandez une livraison adapt\u00e9e \u00e0 vos besoins : v\u00e9lo, scooter, voiture, camion ou transport longue distance.\nNotre simulateur calcule votre prix en direct et vous b\u00e9n\u00e9ficiez d\u2019un suivi en temps r\u00e9el.\nPaiements s\u00e9curis\u00e9s, retrait instantan\u00e9 pour les livreurs, aucune surprise.<\/div>\n              <\/div>\n    <div class=\"twbb_cta-button-wrapper\">\n        <div class=\"twbb_cta-buttons\">\n              <div class=\"twbb_cta-button-item twbb_cta-button-item__one twbb_cta-button-enable-yes\">\n          <a href=\"#\" class=\"elementor-button twbb_cta-button elementor-size- twbb_cta-button__one\"            >En savoir plus<\/a>\n        <\/div>\n                    <div class=\"twbb_cta-button-item twbb_cta-button-item__two twbb_cta-button-enable-no\">\n          <a href=\"#\" class=\"elementor-button twbb_cta-button elementor-size- twbb_cta-button__two\"            >Cliquez ici            <\/a>\n        <\/div>\n                  <\/div>\n    <\/div>\n  <\/div>\n        <\/div>\n\t\t\t\t<\/div>\n\t\t\t\t<\/div>\n\t\t\t\t<div class=\"elementor-element elementor-element-bb1eb64 twbb_cta-position-image-top twbb_cta-button-wrapper-left twbb_cta-button-wrapper-left img-box3 twbb_cta-tablet-position-image-top twbb_cta-mobile-position-image-top twbb_cta-valign-align-middle twbb_cta-button-wrapper-left twbb_cta-position-button-bottom twbb_cta-tablet-position-button-bottom twbb_cta-mobile-position-button-bottom elementor-widget elementor-widget-twbb_call-to-action\" data-id=\"bb1eb64\" data-element_type=\"widget\" data-e-type=\"widget\" data-widget_type=\"twbb_call-to-action.default\">\n\t\t\t\t<div class=\"elementor-widget-container\">\n\t\t\t\t\t    <div  class=\"twbb_cta-wrapper \">\n                  <div class=\"twbb_cta-image-background-wrapper\">\n          <span class=\"twbb_cta-image-background-overlay\"><\/span>\n                                <div class=\"twbb_cta-image-background\" style=\"background-image: url(&quot;https:\/\/ai20-templates-prod.s3.amazonaws.com\/OvLCSvFi8ibS5uWmHrNca0LU24wpSPkS\/tenweb_media_sefmc39ag.webp&quot;);\"><\/div>\n                        <\/div>\n        <div class=\"twbb_cta-content-wrapper \">\n    <div class=\"twbb_cta-content-inner\">\n                <h5 class=\"twbb_cta-title\">Solidarit\u00e9 et entraide<\/h5>\n                    <div class=\"twbb_cta-description\">Participez \u00e0 des missions b\u00e9n\u00e9voles, soutenez des associations locales et contribuez \u00e0 l\u2019insertion (RSA, AAH).\nChaque mois, 5 % des b\u00e9n\u00e9fices de la plateforme sont revers\u00e9s \u00e0 la cagnotte solidaire, redistribu\u00e9e aux associations vot\u00e9es par les utilisateurs.\nAvec Livr\u00e9 d\u2019un Clic, chaque mission a un impact social.<\/div>\n              <\/div>\n    <div class=\"twbb_cta-button-wrapper\">\n        <div class=\"twbb_cta-buttons\">\n              <div class=\"twbb_cta-button-item twbb_cta-button-item__one twbb_cta-button-enable-yes\">\n          <a href=\"#\" class=\"elementor-button twbb_cta-button elementor-size- twbb_cta-button__one\"            >En savoir plus<\/a>\n        <\/div>\n                    <div class=\"twbb_cta-button-item twbb_cta-button-item__two twbb_cta-button-enable-no\">\n          <a href=\"#\" class=\"elementor-button twbb_cta-button elementor-size- twbb_cta-button__two\"            >Cliquez ici            <\/a>\n        <\/div>\n                  <\/div>\n    <\/div>\n  <\/div>\n        <\/div>\n\t\t\t\t<\/div>\n\t\t\t\t<\/div>\n\t\t\t\t<\/div>\n\t\t\t\t\t<\/div>\n\t\t\t\t<\/div>\n\t\t<div class=\"elementor-element elementor-element-2764316 e-flex e-con-boxed e-con e-parent\" data-id=\"2764316\" data-element_type=\"container\" data-e-type=\"container\" data-settings=\"{&quot;background_background&quot;:&quot;classic&quot;}\">\n\t\t\t\t\t<div class=\"e-con-inner\">\n\t\t\t\t<div class=\"elementor-element elementor-element-1d2f366 title-des1 elementor-widget elementor-widget-heading\" data-id=\"1d2f366\" data-element_type=\"widget\" data-e-type=\"widget\" data-widget_type=\"heading.default\">\n\t\t\t\t<div class=\"elementor-widget-container\">\n\t\t\t\t\t<h2 class=\"elementor-heading-title elementor-size-default\"> Vous ne <span style=\"background:#fff;color:#0066cc !important\">trouvez<\/span> pas ce que vous <span style=\"background:#fff;color:#0066cc !important\"> cherchez<\/span> ?<\/h2>\t\t\t\t<\/div>\n\t\t\t\t<\/div>\n\t\t<div class=\"elementor-element elementor-element-6db9e32 e-con-full e-flex e-con e-child\" data-id=\"6db9e32\" data-element_type=\"container\" data-e-type=\"container\">\n\t\t\t\t<div class=\"elementor-element elementor-element-31e9cf2 elementor-widget elementor-widget-button\" data-id=\"31e9cf2\" data-element_type=\"widget\" data-e-type=\"widget\" data-widget_type=\"button.default\">\n\t\t\t\t<div class=\"elementor-widget-container\">\n\t\t\t\t\t\t\t\t\t<div class=\"elementor-button-wrapper\">\n\t\t\t\t\t<a class=\"elementor-button elementor-button-link elementor-size-sm\" href=\"https:\/\/livre-d-un-clic.com\/service\/post-a-service-publication-title\/\">\n\t\t\t\t\t\t<span class=\"elementor-button-content-wrapper\">\n\t\t\t\t\t\t\t\t\t<span class=\"elementor-button-text\">Publier une mission<\/span>\n\t\t\t\t\t<\/span>\n\t\t\t\t\t<\/a>\n\t\t\t\t<\/div>\n\t\t\t\t\t\t\t\t<\/div>\n\t\t\t\t<\/div>\n\t\t\t\t<\/div>\n\t\t\t\t\t<\/div>\n\t\t\t\t<\/div>\n\t\t\t\t<\/div>\n\t\t","protected":false},"excerpt":{"rendered":"<p>un service local Explorez notre s\u00e9lection de services locaux. Utilisez des filtres pour affiner votre recherche par cat\u00e9gorie, emplacement, dur\u00e9e et type de prestataire. Proposer un service Demander un service Profils publics des entreprises et ind\u00e9pendants Tous nos services D\u00e9couvrez nos offres d\u2019entraide locale, d\u2019assistance \u00e0 domicile et de soutien personnalis\u00e9 pour votre quotidien. [itl_posts_filter] [&hellip;]<\/p>\n","protected":false},"author":32,"featured_media":0,"parent":0,"menu_order":0,"comment_status":"closed","ping_status":"closed","template":"","meta":{"_acf_changed":false,"footnotes":""},"class_list":["post-2989","page","type-page","status-publish","hentry"],"acf":[],"_links":{"self":[{"href":"https:\/\/livre-d-un-clic.com\/en\/wp-json\/wp\/v2\/pages\/2989","targetHints":{"allow":["GET"]}}],"collection":[{"href":"https:\/\/livre-d-un-clic.com\/en\/wp-json\/wp\/v2\/pages"}],"about":[{"href":"https:\/\/livre-d-un-clic.com\/en\/wp-json\/wp\/v2\/types\/page"}],"author":[{"embeddable":true,"href":"https:\/\/livre-d-un-clic.com\/en\/wp-json\/wp\/v2\/users\/32"}],"replies":[{"embeddable":true,"href":"https:\/\/livre-d-un-clic.com\/en\/wp-json\/wp\/v2\/comments?post=2989"}],"version-history":[{"count":0,"href":"https:\/\/livre-d-un-clic.com\/en\/wp-json\/wp\/v2\/pages\/2989\/revisions"}],"wp:attachment":[{"href":"https:\/\/livre-d-un-clic.com\/en\/wp-json\/wp\/v2\/media?parent=2989"}],"curies":[{"name":"wp","href":"https:\/\/api.w.org\/{rel}","templated":true}]}}