{"id":136,"date":"2025-05-17T11:35:04","date_gmt":"2025-05-17T11:35:04","guid":{"rendered":"https:\/\/livre-d-un-clic.com\/?page_id=136"},"modified":"2025-07-30T06:07:21","modified_gmt":"2025-07-30T06:07:21","slug":"publier-un-service","status":"publish","type":"page","link":"https:\/\/livre-d-un-clic.com\/ar\/publier-un-service\/","title":{"rendered":"\u0646\u0634\u0631 \u062e\u062f\u0645\u0629"},"content":{"rendered":"<div data-elementor-type=\"wp-page\" data-elementor-id=\"136\" class=\"elementor elementor-136\" data-elementor-post-type=\"page\">\n\t\t\t\t<div class=\"elementor-element elementor-element-d4e6134 e-flex e-con-boxed e-con e-parent\" data-id=\"d4e6134\" data-element_type=\"container\" data-e-type=\"container\" data-settings=\"{&quot;background_background&quot;:&quot;classic&quot;,&quot;shape_divider_bottom&quot;:&quot;waves&quot;}\">\n\t\t\t\t\t<div class=\"e-con-inner\">\n\t\t\t\t<div class=\"elementor-shape elementor-shape-bottom\" aria-hidden=\"true\" data-negative=\"false\">\n\t\t\t<svg xmlns=\"http:\/\/www.w3.org\/2000\/svg\" viewbox=\"0 0 1000 100\" preserveaspectratio=\"none\">\n\t<path class=\"elementor-shape-fill\" d=\"M421.9,6.5c22.6-2.5,51.5,0.4,75.5,5.3c23.6,4.9,70.9,23.5,100.5,35.7c75.8,32.2,133.7,44.5,192.6,49.7\tc23.6,2.1,48.7,3.5,103.4-2.5c54.7-6,106.2-25.6,106.2-25.6V0H0v30.3c0,0,72,32.6,158.4,30.5c39.2-0.7,92.8-6.7,134-22.4\tc21.2-8.1,52.2-18.2,79.7-24.2C399.3,7.9,411.6,7.5,421.9,6.5z\"\/>\n<\/svg>\t\t<\/div>\n\t\t\t\t<div class=\"elementor-element elementor-element-15ba114 elementor-widget elementor-widget-heading\" data-id=\"15ba114\" data-element_type=\"widget\" data-e-type=\"widget\" data-widget_type=\"heading.default\">\n\t\t\t\t<div class=\"elementor-widget-container\">\n\t\t\t\t\t<h2 class=\"elementor-heading-title elementor-size-default\">\u062a\u0642\u062f\u064a\u0645 \u062e\u062f\u0645\u062a\u0643 \u0627\u0644\u0645\u062d\u0644\u064a\u0629 \u0628\u0633\u0647\u0648\u0644\u0629<\/h2>\t\t\t\t<\/div>\n\t\t\t\t<\/div>\n\t\t\t\t<div class=\"elementor-element elementor-element-d2950c6 elementor-widget__width-initial elementor-widget-mobile__width-inherit elementor-widget-tablet__width-initial elementor-invisible elementor-widget elementor-widget-text-editor\" data-id=\"d2950c6\" data-element_type=\"widget\" data-e-type=\"widget\" data-settings=\"{&quot;_animation&quot;:&quot;fadeInUp&quot;}\" data-widget_type=\"text-editor.default\">\n\t\t\t\t<div class=\"elementor-widget-container\">\n\t\t\t\t\t\t\t\t\t<p>\u0627\u0646\u0634\u0631 \u0645\u0647\u0645\u0629 \u0628\u0628\u0636\u0639 \u0646\u0642\u0631\u0627\u062a \u0641\u0642\u0637\u060c \u0648\u0627\u062d\u0635\u0644 \u0639\u0644\u0649 \u0627\u0633\u062a\u062c\u0627\u0628\u0629 \u0633\u0631\u064a\u0639\u0629. \u0633\u0648\u0627\u0621 \u0643\u0627\u0646 \u0627\u0644\u0623\u0645\u0631 \u064a\u062a\u0639\u0644\u0642 \u0628\u0627\u0644\u0645\u0633\u0627\u0639\u062f\u0629 \u0641\u064a \u0627\u0644\u0623\u0639\u0645\u0627\u0644 \u0627\u0644\u064a\u062f\u0648\u064a\u0629 \u0623\u0648 \u0627\u0644\u062f\u0631\u0648\u0633 \u0627\u0644\u062e\u0635\u0648\u0635\u064a\u0629 \u0623\u0648 \u0627\u0644\u0645\u0633\u0627\u0639\u062f\u0629 \u0627\u0644\u0645\u0646\u0632\u0644\u064a\u0629\u060c \u0643\u0644 \u0634\u064a\u0621 \u064a\u0628\u062f\u0623 \u0645\u0646 \u0647\u0646\u0627.<\/p>\t\t\t\t\t\t\t\t<\/div>\n\t\t\t\t<\/div>\n\t\t\t\t\t<\/div>\n\t\t\t\t<\/div>\n\t\t<div class=\"elementor-element elementor-element-7f4b92a e-flex e-con-boxed e-con e-parent\" data-id=\"7f4b92a\" data-element_type=\"container\" data-e-type=\"container\">\n\t\t\t\t\t<div class=\"e-con-inner\">\n\t\t\t\t<div class=\"elementor-element elementor-element-9c94b65 signupform clientform noshadowborder elementor-widget elementor-widget-shortcode\" data-id=\"9c94b65\" data-element_type=\"widget\" data-e-type=\"widget\" data-widget_type=\"shortcode.default\">\n\t\t\t\t<div class=\"elementor-widget-container\">\n\t\t\t\t\t\t\t<div class=\"elementor-shortcode\"><div class=\"wpuf-message\">\u26d4\ufe0f \u0647\u0630\u0647 \u0627\u0644\u0635\u0641\u062d\u0629 \u0645\u062d\u062c\u0648\u0632\u0629 \u0644\u0644\u0623\u0639\u0636\u0627\u0621. \u064a\u0631\u062c\u0649 \u062a\u0633\u062c\u064a\u0644 \u0627\u0644\u062f\u062e\u0648\u0644 <a href='https:\/\/livre-d-un-clic.com\/ar\/connexion\/'>\u062a\u0633\u062c\u064a\u0644 \u0627\u0644\u062f\u062e\u0648\u0644<\/a> \u0623\u0648 \u0623\u0646\u062a <a href='https:\/\/livre-d-un-clic.com\/ar\/registration\/'>\u0627\u0644\u062a\u0633\u062c\u064a\u0644<\/a> \u0644\u0646\u0634\u0631 \u062e\u062f\u0645\u0629<\/div><\/div>\n\t\t\t\t\t\t<\/div>\n\t\t\t\t<\/div>\n\t\t\t\t\t<\/div>\n\t\t\t\t<\/div>\n\t\t<div class=\"elementor-element elementor-element-43bf16eb twbb_section twbb_multiple_benefits_293 e-flex e-con-boxed e-con e-parent\" data-id=\"43bf16eb\" data-element_type=\"container\" data-e-type=\"container\">\n\t\t\t\t\t<div class=\"e-con-inner\">\n\t\t\t\t<div class=\"elementor-element elementor-element-13fe655a elementor-widget__width-initial elementor-widget-mobile__width-inherit elementor-widget-tablet__width-initial twbb_cta-button-wrapper-center twbb_cta-valign-align-top twbb_cta-position-image-top twbb_cta-tablet-position-image-top twbb_cta-mobile-position-image-top twbb_cta-button-wrapper-center twbb_cta-button-wrapper-center twbb_cta-position-button-bottom twbb_cta-tablet-position-button-bottom twbb_cta-mobile-position-button-bottom elementor-invisible elementor-widget elementor-widget-twbb_call-to-action\" data-id=\"13fe655a\" data-element_type=\"widget\" data-e-type=\"widget\" data-settings=\"{&quot;_animation&quot;:&quot;fadeInUp&quot;}\" data-widget_type=\"twbb_call-to-action.default\">\n\t\t\t\t<div class=\"elementor-widget-container\">\n\t\t\t\t\t    <a href=\"#\" class=\"twbb_cta-wrapper\">\n                  <div class=\"twbb_cta-image-background-wrapper\">\n          <span class=\"twbb_cta-image-background-overlay\"><\/span>\n                            <div class=\"twbb_cta-image-html-tag\">\n                                            <img decoding=\"async\" src=\"https:\/\/ai20-templates-prod.s3.amazonaws.com\/vhkuEqRPfG5Uh3lJCaqRdCl93liQPurG\/tenweb_media_SZO4JJFA6.webp\" alt=\"1\" >\n                                    <\/div>\n                    <\/div>\n        <div class=\"twbb_cta-content-wrapper\">\n    <div class=\"twbb_cta-content-inner\">\n                <h5 class=\"twbb_cta-title\">\u0631\u0635\u064a\u062f \u0648\u0627\u062d\u062f: \u0633\u0627\u0639\u0629 \u062a\u0642\u062f\u064a\u0631\u064a\u0629<\/h5>\n                    <div class=\"twbb_cta-description\">\u064a\u0645\u062b\u0644 \u0643\u0644 \u0631\u0635\u064a\u062f \u0633\u0627\u0639\u0629 \u062a\u0642\u062f\u064a\u0631\u064a\u0629 \u0645\u0646 \u0627\u0644\u062e\u062f\u0645\u0629. \u0648\u0647\u0630\u0627 \u064a\u062c\u0639\u0644 \u0625\u062f\u0627\u0631\u0629 \u0639\u0631\u0648\u0636 \u0627\u0644\u062e\u062f\u0645\u0627\u062a \u0627\u0644\u062e\u0627\u0635\u0629 \u0628\u0643 \u0634\u0641\u0627\u0641\u0629 \u0648\u0633\u0647\u0644\u0629.<\/div>\n              <\/div>\n    <div class=\"twbb_cta-button-wrapper\">\n        <div class=\"twbb_cta-buttons\">\n                        <\/div>\n    <\/div>\n  <\/div>\n        <\/a>\n\t\t\t\t<\/div>\n\t\t\t\t<\/div>\n\t\t\t\t<div class=\"elementor-element elementor-element-599c0cb0 elementor-widget__width-initial elementor-widget-mobile__width-inherit elementor-widget-tablet__width-initial twbb_cta-button-wrapper-center twbb_cta-valign-align-top twbb_cta-position-image-top twbb_cta-tablet-position-image-top twbb_cta-mobile-position-image-top twbb_cta-button-wrapper-center twbb_cta-button-wrapper-center twbb_cta-position-button-bottom twbb_cta-tablet-position-button-bottom twbb_cta-mobile-position-button-bottom elementor-invisible elementor-widget elementor-widget-twbb_call-to-action\" data-id=\"599c0cb0\" data-element_type=\"widget\" data-e-type=\"widget\" data-settings=\"{&quot;_animation&quot;:&quot;fadeInUp&quot;}\" data-widget_type=\"twbb_call-to-action.default\">\n\t\t\t\t<div class=\"elementor-widget-container\">\n\t\t\t\t\t    <a href=\"#\" class=\"twbb_cta-wrapper\">\n                  <div class=\"twbb_cta-image-background-wrapper\">\n          <span class=\"twbb_cta-image-background-overlay\"><\/span>\n                            <div class=\"twbb_cta-image-html-tag\">\n                                            <img decoding=\"async\" src=\"https:\/\/ai20-templates-prod.s3.amazonaws.com\/vhkuEqRPfG5Uh3lJCaqRdCl93liQPurG\/tenweb_media_S25C8Q2WO.webp\" alt=\"1\" >\n                                    <\/div>\n                    <\/div>\n        <div class=\"twbb_cta-content-wrapper\">\n    <div class=\"twbb_cta-content-inner\">\n                <h5 class=\"twbb_cta-title\">\u062b\u0644\u0627\u062b\u0629 \u0625\u0639\u0644\u0627\u0646\u0627\u062a \u0645\u062c\u0627\u0646\u064a\u0629 \u0641\u064a \u0627\u0644\u0634\u0647\u0631<\/h5>\n                    <div class=\"twbb_cta-description\">\u0627\u0633\u062a\u0641\u062f \u0645\u0646 \u062b\u0644\u0627\u062b\u0629 \u0625\u0639\u0644\u0627\u0646\u0627\u062a \u0645\u062c\u0627\u0646\u064a\u0629 \u062a\u064f\u0646\u0634\u0631 \u0643\u0644 \u0634\u0647\u0631 \u0644\u0644\u062a\u0631\u0648\u064a\u062c \u0644\u062e\u062f\u0645\u0627\u062a\u0643. \u0625\u0646\u0647\u0627 \u0637\u0631\u064a\u0642\u0629 \u0631\u0627\u0626\u0639\u0629 \u0644\u0644\u0628\u062f\u0621 \u0648\u062c\u0630\u0628 \u0639\u0645\u0644\u0627\u0621 \u062c\u062f\u062f.<\/div>\n              <\/div>\n    <div class=\"twbb_cta-button-wrapper\">\n        <div class=\"twbb_cta-buttons\">\n                        <\/div>\n    <\/div>\n  <\/div>\n        <\/a>\n\t\t\t\t<\/div>\n\t\t\t\t<\/div>\n\t\t\t\t<div class=\"elementor-element elementor-element-42db8d66 elementor-widget__width-initial elementor-widget-mobile__width-inherit elementor-widget-tablet__width-initial twbb_cta-button-wrapper-center twbb_cta-valign-align-top twbb_cta-position-image-top twbb_cta-tablet-position-image-top twbb_cta-mobile-position-image-top twbb_cta-button-wrapper-center twbb_cta-button-wrapper-center twbb_cta-position-button-bottom twbb_cta-tablet-position-button-bottom twbb_cta-mobile-position-button-bottom elementor-invisible elementor-widget elementor-widget-twbb_call-to-action\" data-id=\"42db8d66\" data-element_type=\"widget\" data-e-type=\"widget\" data-settings=\"{&quot;_animation&quot;:&quot;fadeInUp&quot;}\" data-widget_type=\"twbb_call-to-action.default\">\n\t\t\t\t<div class=\"elementor-widget-container\">\n\t\t\t\t\t    <a href=\"#\" class=\"twbb_cta-wrapper\">\n                  <div class=\"twbb_cta-image-background-wrapper\">\n          <span class=\"twbb_cta-image-background-overlay\"><\/span>\n                            <div class=\"twbb_cta-image-html-tag\">\n                                            <img decoding=\"async\" src=\"https:\/\/ai20-templates-prod.s3.amazonaws.com\/vhkuEqRPfG5Uh3lJCaqRdCl93liQPurG\/tenweb_media_SPGUQX0AB.webp\" alt=\"1\" >\n                                    <\/div>\n                    <\/div>\n        <div class=\"twbb_cta-content-wrapper\">\n    <div class=\"twbb_cta-content-inner\">\n                <h5 class=\"twbb_cta-title\">\u0625\u0639\u0644\u0627\u0646\u0627\u062a \u0627\u0644\u062a\u0636\u0627\u0645\u0646 \u063a\u064a\u0631 \u0627\u0644\u0645\u062d\u062f\u0648\u062f\u0629<\/h5>\n                    <div class=\"twbb_cta-description\">\u0627\u0646\u0634\u0631 \u0625\u0639\u0644\u0627\u0646\u0627\u062a \u062a\u0636\u0627\u0645\u0646\u064a\u0629 \u063a\u064a\u0631 \u0645\u062d\u062f\u0648\u062f\u0629 \u0644\u062f\u0639\u0645 \u0627\u0644\u0645\u0628\u0627\u062f\u0631\u0627\u062a \u0627\u0644\u0645\u062c\u062a\u0645\u0639\u064a\u0629 \u0648\u0639\u0631\u0636 \u062e\u062f\u0645\u0627\u062a\u0643 \u0644\u0644\u0623\u0639\u0645\u0627\u0644 \u0627\u0644\u062e\u064a\u0631\u064a\u0629 \u062f\u0648\u0646 \u0623\u064a \u062a\u062e\u0641\u064a\u0636 \u0641\u064a \u0627\u0644\u0631\u0635\u064a\u062f.<\/div>\n              <\/div>\n    <div class=\"twbb_cta-button-wrapper\">\n        <div class=\"twbb_cta-buttons\">\n                        <\/div>\n    <\/div>\n  <\/div>\n        <\/a>\n\t\t\t\t<\/div>\n\t\t\t\t<\/div>\n\t\t\t\t<div class=\"elementor-element elementor-element-5ea4683a elementor-widget__width-initial elementor-widget-mobile__width-inherit elementor-widget-tablet__width-initial twbb_cta-button-wrapper-center twbb_cta-valign-align-top twbb_cta-position-image-top twbb_cta-tablet-position-image-top twbb_cta-mobile-position-image-top twbb_cta-button-wrapper-center twbb_cta-button-wrapper-center twbb_cta-position-button-bottom twbb_cta-tablet-position-button-bottom twbb_cta-mobile-position-button-bottom elementor-invisible elementor-widget elementor-widget-twbb_call-to-action\" data-id=\"5ea4683a\" data-element_type=\"widget\" data-e-type=\"widget\" data-settings=\"{&quot;_animation&quot;:&quot;fadeInUp&quot;}\" data-widget_type=\"twbb_call-to-action.default\">\n\t\t\t\t<div class=\"elementor-widget-container\">\n\t\t\t\t\t    <a href=\"#\" class=\"twbb_cta-wrapper\">\n                  <div class=\"twbb_cta-image-background-wrapper\">\n          <span class=\"twbb_cta-image-background-overlay\"><\/span>\n                            <div class=\"twbb_cta-image-html-tag\">\n                                            <img decoding=\"async\" src=\"https:\/\/ai20-templates-prod.s3.amazonaws.com\/vhkuEqRPfG5Uh3lJCaqRdCl93liQPurG\/tenweb_media_swpnn5v35.webp\" alt=\"1\" >\n                                    <\/div>\n                    <\/div>\n        <div class=\"twbb_cta-content-wrapper\">\n    <div class=\"twbb_cta-content-inner\">\n                <h5 class=\"twbb_cta-title\">\u0627\u0644\u0627\u0633\u062a\u062b\u0645\u0627\u0631 \u0641\u064a \u0627\u0644\u0642\u0631\u0648\u0636<\/h5>\n                    <div class=\"twbb_cta-description\">\u0627\u0634\u062a\u0631\u0650 \u0623\u0631\u0635\u062f\u0629 \u0644\u0641\u062a\u062d \u0627\u0644\u0645\u0632\u064a\u062f \u0645\u0646 \u0627\u0644\u0641\u0631\u0635 \u0648\u062a\u0648\u0633\u064a\u0639 \u0646\u0637\u0627\u0642 \u0648\u0635\u0648\u0644\u0643. \u062a\u0648\u0641\u0631 \u0627\u0644\u0623\u0631\u0635\u062f\u0629 \u0625\u0645\u0643\u0627\u0646\u064a\u0629 \u0627\u0644\u0648\u0635\u0648\u0644 \u0625\u0644\u0649 \u0645\u064a\u0632\u0627\u062a \u0645\u062a\u0645\u064a\u0632\u0629 \u0648\u0632\u064a\u0627\u062f\u0629 \u0627\u0644\u0638\u0647\u0648\u0631.<\/div>\n              <\/div>\n    <div class=\"twbb_cta-button-wrapper\">\n        <div class=\"twbb_cta-buttons\">\n                        <\/div>\n    <\/div>\n  <\/div>\n        <\/a>\n\t\t\t\t<\/div>\n\t\t\t\t<\/div>\n\t\t\t\t\t<\/div>\n\t\t\t\t<\/div>\n\t\t<div class=\"elementor-element elementor-element-426dc62 e-flex e-con-boxed e-con e-parent\" data-id=\"426dc62\" data-element_type=\"container\" data-e-type=\"container\">\n\t\t\t\t\t<div class=\"e-con-inner\">\n\t\t<div class=\"elementor-element elementor-element-64b58ed e-con-full e-flex e-con e-child\" data-id=\"64b58ed\" data-element_type=\"container\" data-e-type=\"container\" data-settings=\"{&quot;background_background&quot;:&quot;classic&quot;}\">\n\t\t\t\t<div class=\"elementor-element elementor-element-df7621f elementor-widget elementor-widget-image\" data-id=\"df7621f\" data-element_type=\"widget\" data-e-type=\"widget\" data-widget_type=\"image.default\">\n\t\t\t\t<div class=\"elementor-widget-container\">\n\t\t\t\t\t\t\t\t\t\t\t\t\t\t\t<img fetchpriority=\"high\" decoding=\"async\" width=\"2560\" height=\"1294\" src=\"https:\/\/livre-d-un-clic.com\/wp-content\/uploads\/2025\/05\/White-logo-no-background-scaled.png\" class=\"attachment-full size-full wp-image-2200\" alt=\"\" srcset=\"https:\/\/livre-d-un-clic.com\/wp-content\/uploads\/2025\/05\/White-logo-no-background-scaled.png 2560w, https:\/\/livre-d-un-clic.com\/wp-content\/uploads\/2025\/05\/White-logo-no-background-300x152.png 300w, https:\/\/livre-d-un-clic.com\/wp-content\/uploads\/2025\/05\/White-logo-no-background-1024x517.png 1024w, https:\/\/livre-d-un-clic.com\/wp-content\/uploads\/2025\/05\/White-logo-no-background-768x388.png 768w, https:\/\/livre-d-un-clic.com\/wp-content\/uploads\/2025\/05\/White-logo-no-background-1536x776.png 1536w, https:\/\/livre-d-un-clic.com\/wp-content\/uploads\/2025\/05\/White-logo-no-background-2048x1035.png 2048w, https:\/\/livre-d-un-clic.com\/wp-content\/uploads\/2025\/05\/White-logo-no-background-18x9.png 18w, https:\/\/livre-d-un-clic.com\/wp-content\/uploads\/2025\/05\/White-logo-no-background-600x303.png 600w, https:\/\/livre-d-un-clic.com\/wp-content\/uploads\/2025\/05\/White-logo-no-background-800x404.png 800w\" sizes=\"(max-width: 2560px) 100vw, 2560px\" \/>\t\t\t\t\t\t\t\t\t\t\t\t\t\t\t<\/div>\n\t\t\t\t<\/div>\n\t\t<div class=\"elementor-element elementor-element-d78058d e-con-full e-flex e-con e-child\" data-id=\"d78058d\" data-element_type=\"container\" data-e-type=\"container\">\n\t\t\t\t<div class=\"elementor-element elementor-element-bda73f6 title-des1 elementor-widget elementor-widget-heading\" data-id=\"bda73f6\" data-element_type=\"widget\" data-e-type=\"widget\" data-widget_type=\"heading.default\">\n\t\t\t\t<div class=\"elementor-widget-container\">\n\t\t\t\t\t<h2 class=\"elementor-heading-title elementor-size-default\">\u0642\u0645 \u0628\u0627\u0644\u062a\u0628\u062f\u064a\u0644 \u0625\u0644\u0649 Pro \u0627\u0644\u064a\u0648\u0645!<\/h2>\t\t\t\t<\/div>\n\t\t\t\t<\/div>\n\t\t\t\t<div class=\"elementor-element elementor-element-d361025 elementor-widget__width-initial elementor-widget-mobile__width-inherit elementor-widget-tablet__width-initial elementor-invisible elementor-widget elementor-widget-text-editor\" data-id=\"d361025\" data-element_type=\"widget\" data-e-type=\"widget\" data-settings=\"{&quot;_animation&quot;:&quot;fadeInUp&quot;}\" data-widget_type=\"text-editor.default\">\n\t\t\t\t<div class=\"elementor-widget-container\">\n\t\t\t\t\t\t\t\t\t<p>\u0643\u0646 \u0645\u062d\u062a\u0631\u0641\u064b\u0627 \u0644\u062a\u0633\u062a\u0641\u064a\u062f \u0645\u0646 \u0625\u0639\u0644\u0627\u0646\u0627\u062a \u063a\u064a\u0631 \u0645\u062d\u062f\u0648\u062f\u0629 \u0648\u0634\u0627\u0631\u0629 \u0645\u0631\u0626\u064a\u0629 \u06486 \u0628\u0627\u0642\u0627\u062a \u0627\u0626\u062a\u0645\u0627\u0646\u064a\u0629 \u0628\u062e\u0635\u0645 %.<\/p>\t\t\t\t\t\t\t\t<\/div>\n\t\t\t\t<\/div>\n\t\t\t\t<\/div>\n\t\t\t\t<div class=\"elementor-element elementor-element-1433fef elementor-align-left elementor-mobile-align-center elementor-widget elementor-widget-button\" data-id=\"1433fef\" data-element_type=\"widget\" data-e-type=\"widget\" data-widget_type=\"button.default\">\n\t\t\t\t<div class=\"elementor-widget-container\">\n\t\t\t\t\t\t\t\t\t<div class=\"elementor-button-wrapper\">\n\t\t\t\t\t<a class=\"elementor-button elementor-button-link elementor-size-sm\" href=\"https:\/\/livre-d-un-clic.com\/ar\/offre-pro\/\">\n\t\t\t\t\t\t<span class=\"elementor-button-content-wrapper\">\n\t\t\t\t\t\t\t\t\t<span class=\"elementor-button-text\">\u062a\u0641\u0639\u064a\u0644 \u0627\u0634\u062a\u0631\u0627\u0643\u064a \u0641\u064a \u0628\u0631\u0646\u0627\u0645\u062c Pro<\/span>\n\t\t\t\t\t<\/span>\n\t\t\t\t\t<\/a>\n\t\t\t\t<\/div>\n\t\t\t\t\t\t\t\t<\/div>\n\t\t\t\t<\/div>\n\t\t\t\t<\/div>\n\t\t\t\t\t<\/div>\n\t\t\t\t<\/div>\n\t\t<div class=\"elementor-element elementor-element-17b43245 e-flex e-con-boxed e-con e-parent\" data-id=\"17b43245\" data-element_type=\"container\" data-e-type=\"container\">\n\t\t\t\t\t<div class=\"e-con-inner\">\n\t\t<div class=\"elementor-element elementor-element-5d6f9833 e-con-full e-flex e-con e-child\" data-id=\"5d6f9833\" data-element_type=\"container\" data-e-type=\"container\">\n\t\t\t\t<div class=\"elementor-element elementor-element-4364479b elementor-widget__width-initial elementor-widget-mobile__width-inherit elementor-widget-tablet__width-initial elementor-invisible elementor-widget elementor-widget-heading\" data-id=\"4364479b\" data-element_type=\"widget\" data-e-type=\"widget\" data-settings=\"{&quot;_animation&quot;:&quot;fadeInUp&quot;}\" data-widget_type=\"heading.default\">\n\t\t\t\t<div class=\"elementor-widget-container\">\n\t\t\t\t\t<h2 class=\"elementor-heading-title elementor-size-default\">\u0647\u0644 \u062a\u062d\u062a\u0627\u062c \u0625\u0644\u0649 \u0645\u0633\u0627\u0639\u062f\u0629 \u0641\u064a \u0627\u0644\u0646\u0634\u0631\u061f<\/h2>\t\t\t\t<\/div>\n\t\t\t\t<\/div>\n\t\t\t\t<div class=\"elementor-element elementor-element-50a46503 elementor-widget__width-initial elementor-widget-mobile__width-inherit elementor-widget-tablet__width-initial elementor-align-end elementor-icon-list--layout-traditional elementor-list-item-link-full_width elementor-widget elementor-widget-icon-list\" data-id=\"50a46503\" data-element_type=\"widget\" data-e-type=\"widget\" data-widget_type=\"icon-list.default\">\n\t\t\t\t<div class=\"elementor-widget-container\">\n\t\t\t\t\t\t\t<ul class=\"elementor-icon-list-items\">\n\t\t\t\t\t\t\t<li class=\"elementor-icon-list-item\">\n\t\t\t\t\t\t\t\t\t\t\t<span class=\"elementor-icon-list-icon\">\n\t\t\t\t\t\t\t<svg aria-hidden=\"true\" class=\"e-font-icon-svg e-fas-check-circle\" viewbox=\"0 0 512 512\" xmlns=\"http:\/\/www.w3.org\/2000\/svg\"><path d=\"M504 256c0 136.967-111.033 248-248 248S8 392.967 8 256 119.033 8 256 8s248 111.033 248 248zM227.314 387.314l184-184c6.248-6.248 6.248-16.379 0-22.627l-22.627-22.627c-6.248-6.249-16.379-6.249-22.628 0L216 308.118l-70.059-70.059c-6.248-6.248-16.379-6.248-22.628 0l-22.627 22.627c-6.248 6.248-6.248 16.379 0 22.627l104 104c6.249 6.249 16.379 6.249 22.628.001z\"><\/path><\/svg>\t\t\t\t\t\t<\/span>\n\t\t\t\t\t\t\t\t\t\t<span class=\"elementor-icon-list-text\">\u0625\u0636\u0627\u0641\u0629 \u0648\u0635\u0641 \u0648\u0627\u0636\u062d<\/span>\n\t\t\t\t\t\t\t\t\t<\/li>\n\t\t\t\t\t\t\t\t<li class=\"elementor-icon-list-item\">\n\t\t\t\t\t\t\t\t\t\t\t<span class=\"elementor-icon-list-icon\">\n\t\t\t\t\t\t\t<svg aria-hidden=\"true\" class=\"e-font-icon-svg e-fas-check-circle\" viewbox=\"0 0 512 512\" xmlns=\"http:\/\/www.w3.org\/2000\/svg\"><path d=\"M504 256c0 136.967-111.033 248-248 248S8 392.967 8 256 119.033 8 256 8s248 111.033 248 248zM227.314 387.314l184-184c6.248-6.248 6.248-16.379 0-22.627l-22.627-22.627c-6.248-6.249-16.379-6.249-22.628 0L216 308.118l-70.059-70.059c-6.248-6.248-16.379-6.248-22.628 0l-22.627 22.627c-6.248 6.248-6.248 16.379 0 22.627l104 104c6.249 6.249 16.379 6.249 22.628.001z\"><\/path><\/svg>\t\t\t\t\t\t<\/span>\n\t\t\t\t\t\t\t\t\t\t<span class=\"elementor-icon-list-text\">\u062d\u062f\u062f \u0627\u0644\u0645\u062f\u0629 \u0627\u0644\u0645\u0642\u062f\u0631\u0629<\/span>\n\t\t\t\t\t\t\t\t\t<\/li>\n\t\t\t\t\t\t\t\t<li class=\"elementor-icon-list-item\">\n\t\t\t\t\t\t\t\t\t\t\t<span class=\"elementor-icon-list-icon\">\n\t\t\t\t\t\t\t<svg aria-hidden=\"true\" class=\"e-font-icon-svg e-fas-check-circle\" viewbox=\"0 0 512 512\" xmlns=\"http:\/\/www.w3.org\/2000\/svg\"><path d=\"M504 256c0 136.967-111.033 248-248 248S8 392.967 8 256 119.033 8 256 8s248 111.033 248 248zM227.314 387.314l184-184c6.248-6.248 6.248-16.379 0-22.627l-22.627-22.627c-6.248-6.249-16.379-6.249-22.628 0L216 308.118l-70.059-70.059c-6.248-6.248-16.379-6.248-22.628 0l-22.627 22.627c-6.248 6.248-6.248 16.379 0 22.627l104 104c6.249 6.249 16.379 6.249 22.628.001z\"><\/path><\/svg>\t\t\t\t\t\t<\/span>\n\t\t\t\t\t\t\t\t\t\t<span class=\"elementor-icon-list-text\">\u0627\u062e\u062a\u0631 \u0627\u0644\u0641\u0626\u0629 \u0627\u0644\u0645\u0646\u0627\u0633\u0628\u0629<\/span>\n\t\t\t\t\t\t\t\t\t<\/li>\n\t\t\t\t\t\t<\/ul>\n\t\t\t\t\t\t<\/div>\n\t\t\t\t<\/div>\n\t\t\t\t<\/div>\n\t\t<div class=\"elementor-element elementor-element-1412b302 e-con-full e-flex e-con e-child\" data-id=\"1412b302\" data-element_type=\"container\" data-e-type=\"container\">\n\t\t\t\t<div class=\"elementor-element elementor-element-5e7fc890 elementor-widget__width-initial elementor-widget-mobile__width-inherit elementor-widget-tablet__width-initial elementor-widget elementor-widget-image\" data-id=\"5e7fc890\" data-element_type=\"widget\" data-e-type=\"widget\" data-widget_type=\"image.default\">\n\t\t\t\t<div class=\"elementor-widget-container\">\n\t\t\t\t\t\t\t\t\t\t\t\t\t\t\t<img decoding=\"async\" src=\"https:\/\/ai20-templates-prod.s3.amazonaws.com\/bHoQkUgtUBrduVzpSWZHNyjw9ZPYhXys\/tenweb_media_s0opix0u3.webp\" title=\"\" alt=\"Illustration of someone getting assistance or a small guidebook icon.\" loading=\"lazy\" \/>\t\t\t\t\t\t\t\t\t\t\t\t\t\t\t<\/div>\n\t\t\t\t<\/div>\n\t\t\t\t<\/div>\n\t\t\t\t\t<\/div>\n\t\t\t\t<\/div>\n\t\t\t\t<\/div>","protected":false},"excerpt":{"rendered":"<p>Proposez votre service local facilement D\u00e9posez une mission en quelques clics, recevez des r\u00e9ponses rapidement. Que ce soit du bricolage, du soutien scolaire ou de l\u2019aide \u00e0 domicile, tout commence ici. Un cr\u00e9dit : une heure estim\u00e9e Chaque cr\u00e9dit repr\u00e9sente une heure de service estim\u00e9e. Cela permet une gestion transparente et facile de vos offres [&hellip;]<\/p>\n","protected":false},"author":2,"featured_media":0,"parent":0,"menu_order":0,"comment_status":"closed","ping_status":"closed","template":"","meta":{"_acf_changed":false,"footnotes":""},"class_list":["post-136","page","type-page","status-publish","hentry"],"acf":[],"_links":{"self":[{"href":"https:\/\/livre-d-un-clic.com\/ar\/wp-json\/wp\/v2\/pages\/136","targetHints":{"allow":["GET"]}}],"collection":[{"href":"https:\/\/livre-d-un-clic.com\/ar\/wp-json\/wp\/v2\/pages"}],"about":[{"href":"https:\/\/livre-d-un-clic.com\/ar\/wp-json\/wp\/v2\/types\/page"}],"author":[{"embeddable":true,"href":"https:\/\/livre-d-un-clic.com\/ar\/wp-json\/wp\/v2\/users\/2"}],"replies":[{"embeddable":true,"href":"https:\/\/livre-d-un-clic.com\/ar\/wp-json\/wp\/v2\/comments?post=136"}],"version-history":[{"count":0,"href":"https:\/\/livre-d-un-clic.com\/ar\/wp-json\/wp\/v2\/pages\/136\/revisions"}],"wp:attachment":[{"href":"https:\/\/livre-d-un-clic.com\/ar\/wp-json\/wp\/v2\/media?parent=136"}],"curies":[{"name":"\u062f\u0628\u0644\u064a\u0648 \u0628\u064a","href":"https:\/\/api.w.org\/{rel}","templated":true}]}}